{"id":2386,"date":"2025-12-19T08:16:27","date_gmt":"2025-12-19T08:16:27","guid":{"rendered":"https:\/\/lichnaasistencija.mk\/?page_id=2386"},"modified":"2026-02-27T12:14:35","modified_gmt":"2026-02-27T12:14:35","slug":"choose-an-assistance-company","status":"publish","type":"page","link":"https:\/\/lichnaasistencija.mk\/sq\/choose-an-assistance-company\/","title":{"rendered":"Choose an assistance company"},"content":{"rendered":"<div data-elementor-type=\"wp-page\" data-elementor-id=\"2386\" class=\"elementor elementor-2386\" data-elementor-post-type=\"page\">\n\t\t\t\t<div class=\"elementor-element elementor-element-b503802 e-flex e-con-boxed e-con e-parent\" data-id=\"b503802\" data-element_type=\"container\" data-e-type=\"container\" data-settings=\"{&quot;background_background&quot;:&quot;classic&quot;}\">\n\t\t\t\t\t<div class=\"e-con-inner\">\n\t\t\t\t<div class=\"elementor-element elementor-element-06d5c00 elementor-icon-list--layout-inline elementor-align-start elementor-list-item-link-full_width elementor-widget elementor-widget-icon-list\" data-id=\"06d5c00\" data-element_type=\"widget\" data-e-type=\"widget\" data-widget_type=\"icon-list.default\">\n\t\t\t\t\t\t\t<ul class=\"elementor-icon-list-items elementor-inline-items\">\n\t\t\t\t\t\t\t<li class=\"elementor-icon-list-item elementor-inline-item\">\n\t\t\t\t\t\t\t\t\t\t\t<a href=\"https:\/\/lichnaasistencija.mk\/sq\/\">\n\n\t\t\t\t\t\t\t\t\t\t\t<span class=\"elementor-icon-list-text\">Kreu<\/span>\n\t\t\t\t\t\t\t\t\t\t\t<\/a>\n\t\t\t\t\t\t\t\t\t<\/li>\n\t\t\t\t\t\t\t\t<li class=\"elementor-icon-list-item elementor-inline-item\">\n\t\t\t\t\t\t\t\t\t\t\t<a href=\"https:\/\/lichnaasistencija.mk\/sq\/our-assistance\/\">\n\n\t\t\t\t\t\t\t\t\t\t\t\t<span class=\"elementor-icon-list-icon\">\n\t\t\t\t\t\t\t<svg xmlns=\"http:\/\/www.w3.org\/2000\/svg\" width=\"64px\" height=\"64px\" viewbox=\"0 0 24 24\" fill=\"none\" stroke=\"#0f2a4a\"><g id=\"SVGRepo_bgCarrier\" stroke-width=\"0\"><\/g><g id=\"SVGRepo_tracerCarrier\" stroke-linecap=\"round\" stroke-linejoin=\"round\"><\/g><g id=\"SVGRepo_iconCarrier\"><path d=\"M10 7L15 12L10 17\" stroke=\"#0f2a4a\" stroke-width=\"1.5\" stroke-linecap=\"round\" stroke-linejoin=\"round\"><\/path><\/g><\/svg>\t\t\t\t\t\t<\/span>\n\t\t\t\t\t\t\t\t\t\t<span class=\"elementor-icon-list-text\">Asistenc\u00eb<\/span>\n\t\t\t\t\t\t\t\t\t\t\t<\/a>\n\t\t\t\t\t\t\t\t\t<\/li>\n\t\t\t\t\t\t\t\t<li class=\"elementor-icon-list-item elementor-inline-item\">\n\t\t\t\t\t\t\t\t\t\t\t<span class=\"elementor-icon-list-icon\">\n\t\t\t\t\t\t\t<svg xmlns=\"http:\/\/www.w3.org\/2000\/svg\" width=\"64px\" height=\"64px\" viewbox=\"0 0 24 24\" fill=\"none\" stroke=\"#0f2a4a\"><g id=\"SVGRepo_bgCarrier\" stroke-width=\"0\"><\/g><g id=\"SVGRepo_tracerCarrier\" stroke-linecap=\"round\" stroke-linejoin=\"round\"><\/g><g id=\"SVGRepo_iconCarrier\"><path d=\"M10 7L15 12L10 17\" stroke=\"#0f2a4a\" stroke-width=\"1.5\" stroke-linecap=\"round\" stroke-linejoin=\"round\"><\/path><\/g><\/svg>\t\t\t\t\t\t<\/span>\n\t\t\t\t\t\t\t\t\t\t<span class=\"elementor-icon-list-text\">Zgjidhni nj\u00eb kompani p\u00ebr asistenc\u00eb personale<\/span>\n\t\t\t\t\t\t\t\t\t<\/li>\n\t\t\t\t\t\t<\/ul>\n\t\t\t\t\t\t<\/div>\n\t\t\t\t\t<\/div>\n\t\t\t\t<\/div>\n\t\t<div class=\"elementor-element elementor-element-cdc1a88 e-flex e-con-boxed e-con e-parent\" data-id=\"cdc1a88\" data-element_type=\"container\" data-e-type=\"container\" data-settings=\"{&quot;background_background&quot;:&quot;classic&quot;}\">\n\t\t\t\t\t<div class=\"e-con-inner\">\n\t\t\t\t<div class=\"elementor-element elementor-element-d92211c elementor-widget elementor-widget-heading\" data-id=\"d92211c\" data-element_type=\"widget\" data-e-type=\"widget\" data-widget_type=\"heading.default\">\n\t\t\t\t\t<h2 class=\"elementor-heading-title elementor-size-default\">Si t\u00eb zgjidhni ose ndryshoni ofruesin e Asistenc\u00ebs Personale\n<\/h2>\t\t\t\t<\/div>\n\t\t\t\t<div class=\"elementor-element elementor-element-b8134d5 elementor-widget__width-initial elementor-widget elementor-widget-text-editor\" data-id=\"b8134d5\" data-element_type=\"widget\" data-e-type=\"widget\" data-widget_type=\"text-editor.default\">\n\t\t\t\t\t\t\t\t\t<p>A po p\u00ebrdorni tashm\u00eb Asistenc\u00eb Personale, por po mendoni t\u00eb ndryshoni ofruesin e sh\u00ebrbimit? Apo po k\u00ebrkoni p\u00ebr her\u00eb t\u00eb par\u00eb nj\u00eb organizat\u00eb q\u00eb do t\u00eb ofroj\u00eb Asistenc\u00ebn tuaj?<\/p><p>Zgjedhja e nj\u00eb ofruesi t\u00eb Asistenc\u00ebs Personale \u00ebsht\u00eb nj\u00eb vendim i r\u00ebnd\u00ebsish\u00ebm dhe mund t\u00eb duket i nd\u00ebrlikuar. Ne jemi k\u00ebtu p\u00ebr t\u2019ju ndihmuar t\u00eb filloni me ne dhe p\u00ebr t\u00eb siguruar q\u00eb tranzicioni t\u00eb jet\u00eb i thjesht\u00eb, i qart\u00eb dhe pa stres.<\/p>\t\t\t\t\t\t\t\t<\/div>\n\t\t\t\t\t<\/div>\n\t\t\t\t<\/div>\n\t\t<div class=\"elementor-element elementor-element-a08a5a8 e-flex e-con-boxed e-con e-parent\" data-id=\"a08a5a8\" data-element_type=\"container\" data-e-type=\"container\" data-settings=\"{&quot;background_background&quot;:&quot;classic&quot;}\">\n\t\t\t\t\t<div class=\"e-con-inner\">\n\t\t<div class=\"elementor-element elementor-element-cfed333 e-con-full e-flex e-con e-child\" data-id=\"cfed333\" data-element_type=\"container\" data-e-type=\"container\">\n\t\t\t\t<div class=\"elementor-element elementor-element-d20fa57 elementor-widget-mobile__width-inherit elementor-widget elementor-widget-image\" data-id=\"d20fa57\" data-element_type=\"widget\" data-e-type=\"widget\" data-widget_type=\"image.default\">\n\t\t\t\t\t\t\t\t\t\t\t\t\t\t\t<img fetchpriority=\"high\" decoding=\"async\" width=\"2560\" height=\"1703\" src=\"https:\/\/lichnaasistencija.mk\/wp-content\/uploads\/2025\/12\/full-shot-friends-sitting-outdoors-min-scaled.jpg\" class=\"attachment-full size-full wp-image-2408\" alt=\"\" srcset=\"https:\/\/lichnaasistencija.mk\/wp-content\/uploads\/2025\/12\/full-shot-friends-sitting-outdoors-min-scaled.jpg 2560w, https:\/\/lichnaasistencija.mk\/wp-content\/uploads\/2025\/12\/full-shot-friends-sitting-outdoors-min-300x200.jpg 300w, https:\/\/lichnaasistencija.mk\/wp-content\/uploads\/2025\/12\/full-shot-friends-sitting-outdoors-min-1024x681.jpg 1024w, https:\/\/lichnaasistencija.mk\/wp-content\/uploads\/2025\/12\/full-shot-friends-sitting-outdoors-min-768x511.jpg 768w, https:\/\/lichnaasistencija.mk\/wp-content\/uploads\/2025\/12\/full-shot-friends-sitting-outdoors-min-1536x1022.jpg 1536w, https:\/\/lichnaasistencija.mk\/wp-content\/uploads\/2025\/12\/full-shot-friends-sitting-outdoors-min-2048x1362.jpg 2048w\" sizes=\"(max-width: 2560px) 100vw, 2560px\" \/>\t\t\t\t\t\t\t\t\t\t\t\t\t\t\t<\/div>\n\t\t\t\t<\/div>\n\t\t<div class=\"elementor-element elementor-element-057de03 e-con-full e-flex e-con e-child\" data-id=\"057de03\" data-element_type=\"container\" data-e-type=\"container\">\n\t\t\t\t<div class=\"elementor-element elementor-element-224f6de animated-slow elementor-widget elementor-widget-heading\" data-id=\"224f6de\" data-element_type=\"widget\" data-e-type=\"widget\" data-settings=\"{&quot;_animation&quot;:&quot;none&quot;}\" data-widget_type=\"heading.default\">\n\t\t\t\t\t<h2 class=\"elementor-heading-title elementor-size-default\">Pa afat njoftimi\n<\/h2>\t\t\t\t<\/div>\n\t\t\t\t<div class=\"elementor-element elementor-element-1004ecd elementor-widget__width-initial elementor-widget elementor-widget-text-editor\" data-id=\"1004ecd\" data-element_type=\"widget\" data-e-type=\"widget\" data-widget_type=\"text-editor.default\">\n\t\t\t\t\t\t\t\t\t<p>Asistenca Personale \u00ebsht\u00eb nj\u00eb sh\u00ebrbim i ofruar n\u00eb interes t\u00eb p\u00ebrdoruesit dhe duhet t\u00eb funksionoj\u00eb n\u00eb m\u00ebnyr\u00eb t\u00eb sigurt dhe t\u00eb vazhdueshme.<\/p><p>P\u00ebrdoruesi ka t\u00eb drejt\u00eb n\u00eb \u00e7do koh\u00eb t\u00eb k\u00ebrkoj\u00eb pezullimin e sh\u00ebrbimit ose ndryshimin e ofruesit, n\u00eb p\u00ebrputhje me procedur\u00ebn ligjore t\u00eb p\u00ebrcaktuar nga Ligji p\u00ebr Mbrojtjen Sociale.<\/p><p>Procedura p\u00ebr pezullim ose ndryshim kryhet p\u00ebrmes Qendr\u00ebs kompetente p\u00ebr Pun\u00eb Sociale, me q\u00ebllim sigurimin e nj\u00eb tranzicioni t\u00eb duhur dhe t\u00eb rregullt t\u00eb sh\u00ebrbimit.<\/p><p>Q\u00ebllimi yn\u00eb \u00ebsht\u00eb q\u00eb sh\u00ebrbimi t\u00eb organizohet n\u00eb m\u00ebnyr\u00eb q\u00eb t\u00eb respektoj\u00eb plot\u00ebsisht zgjedhjen, dinjitetin dhe autonomin\u00eb e p\u00ebrdoruesit. Ne besojm\u00eb se puna cil\u00ebsore, profesionale dhe transparente \u00ebsht\u00eb garancia m\u00eb e mir\u00eb p\u00ebr besim dhe bashk\u00ebpunim afatgjat\u00eb.<\/p>\t\t\t\t\t\t\t\t<\/div>\n\t\t\t\t<div class=\"elementor-element elementor-element-b287edf animated-slow elementor-hidden-desktop elementor-hidden-laptop elementor-hidden-tablet elementor-hidden-mobile_extra elementor-hidden-mobile elementor-widget elementor-widget-button\" data-id=\"b287edf\" data-element_type=\"widget\" data-e-type=\"widget\" data-settings=\"{&quot;_animation&quot;:&quot;none&quot;}\" data-widget_type=\"button.default\">\n\t\t\t\t\t\t\t\t\t\t<a class=\"elementor-button elementor-button-link elementor-size-sm\" href=\"#\">\n\t\t\t\t\t\t<span class=\"elementor-button-content-wrapper\">\n\t\t\t\t\t\t\t\t\t<span class=\"elementor-button-text\">Lexoni m\u00eb shum\u00eb<\/span>\n\t\t\t\t\t<\/span>\n\t\t\t\t\t<\/a>\n\t\t\t\t\t\t\t\t<\/div>\n\t\t\t\t<\/div>\n\t\t<div class=\"elementor-element elementor-element-588367f e-con-full elementor-hidden-mobile e-flex e-con e-child\" data-id=\"588367f\" data-element_type=\"container\" data-e-type=\"container\" data-settings=\"{&quot;background_background&quot;:&quot;classic&quot;,&quot;position&quot;:&quot;absolute&quot;}\">\n\t\t\t\t<\/div>\n\t\t\t\t\t<\/div>\n\t\t\t\t<\/div>\n\t\t<div class=\"elementor-element elementor-element-5bedb6a e-flex e-con-boxed e-con e-parent\" data-id=\"5bedb6a\" data-element_type=\"container\" data-e-type=\"container\" data-settings=\"{&quot;background_background&quot;:&quot;classic&quot;}\">\n\t\t\t\t\t<div class=\"e-con-inner\">\n\t\t<div class=\"elementor-element elementor-element-a629ab8 e-con-full e-flex e-con e-child\" data-id=\"a629ab8\" data-element_type=\"container\" data-e-type=\"container\">\n\t\t\t\t<div class=\"elementor-element elementor-element-214c0ae elementor-widget__width-inherit faq-sec elementor-widget elementor-widget-n-accordion\" data-id=\"214c0ae\" data-element_type=\"widget\" data-e-type=\"widget\" data-settings=\"{&quot;default_state&quot;:&quot;expanded&quot;,&quot;max_items_expended&quot;:&quot;one&quot;,&quot;n_accordion_animation_duration&quot;:{&quot;unit&quot;:&quot;ms&quot;,&quot;size&quot;:400,&quot;sizes&quot;:[]}}\" data-widget_type=\"nested-accordion.default\">\n\t\t\t\t\t\t\t<div class=\"e-n-accordion\" aria-label=\"Accordion. Open links with Enter or Space, close with Escape, and navigate with Arrow Keys\">\n\t\t\t\t\t\t<details id=\"e-n-accordion-item-3490\" class=\"e-n-accordion-item\" open>\n\t\t\t\t<summary class=\"e-n-accordion-item-title\" data-accordion-index=\"1\" tabindex=\"0\" aria-expanded=\"true\" aria-controls=\"e-n-accordion-item-3490\" >\n\t\t\t\t\t<span class='e-n-accordion-item-title-header'><div class=\"e-n-accordion-item-title-text\"> Si t\u00eb na zgjidhni si ofruesin tuaj t\u00eb Asistenc\u00ebs Personale? <\/div><\/span>\n\t\t\t\t\t\t\t<span class='e-n-accordion-item-title-icon'>\n\t\t\t<span class='e-opened' ><svg aria-hidden=\"true\" class=\"e-font-icon-svg e-fas-minus\" viewbox=\"0 0 448 512\" xmlns=\"http:\/\/www.w3.org\/2000\/svg\"><path d=\"M416 208H32c-17.67 0-32 14.33-32 32v32c0 17.67 14.33 32 32 32h384c17.67 0 32-14.33 32-32v-32c0-17.67-14.33-32-32-32z\"><\/path><\/svg><\/span>\n\t\t\t<span class='e-closed'><svg aria-hidden=\"true\" class=\"e-font-icon-svg e-fas-plus\" viewbox=\"0 0 448 512\" xmlns=\"http:\/\/www.w3.org\/2000\/svg\"><path d=\"M416 208H272V64c0-17.67-14.33-32-32-32h-32c-17.67 0-32 14.33-32 32v144H32c-17.67 0-32 14.33-32 32v32c0 17.67 14.33 32 32 32h144v144c0 17.67 14.33 32 32 32h32c17.67 0 32-14.33 32-32V304h144c17.67 0 32-14.33 32-32v-32c0-17.67-14.33-32-32-32z\"><\/path><\/svg><\/span>\n\t\t<\/span>\n\n\t\t\t\t\t\t<\/summary>\n\t\t\t\t<div role=\"region\" aria-labelledby=\"e-n-accordion-item-3490\" class=\"elementor-element elementor-element-9aeb7db e-con-full e-flex e-con e-child\" data-id=\"9aeb7db\" data-element_type=\"container\" data-e-type=\"container\">\n\t\t\t\t<div class=\"elementor-element elementor-element-4e77bbe elementor-widget elementor-widget-text-editor\" data-id=\"4e77bbe\" data-element_type=\"widget\" data-e-type=\"widget\" data-widget_type=\"text-editor.default\">\n\t\t\t\t\t\t\t\t\t<p>Zgjedhja e nj\u00eb ofruesi t\u00eb sh\u00ebrbimit t\u00eb Asistenc\u00ebs Personale \u00ebsht\u00eb nj\u00eb vendim i r\u00ebnd\u00ebsish\u00ebm. N\u00ebse d\u00ebshironi t\u00eb m\u00ebsoni m\u00eb shum\u00eb rreth m\u00ebnyr\u00ebs se si punojm\u00eb dhe \u00e7far\u00eb ofrojm\u00eb, mund t\u00eb na kontaktoni. Do t\u00eb jemi t\u00eb lumtur t\u2019ju vizitojm\u00eb dhe t\u2019ju sigurojm\u00eb informacion p\u00ebr organizat\u00ebn dhe zbatimin e sh\u00ebrbimit n\u00eb p\u00ebrputhje me rregulloret ligjore.<\/p><p>N\u00ebse vendosni t\u00eb na zgjidhni si ofruesin tuaj, \u00ebsht\u00eb e nevojshme t\u00eb dor\u00ebzoni nj\u00eb deklarat\u00eb t\u00eb notarizuar p\u00ebr zgjedhjen e ofruesit tek Qendra kompetente p\u00ebr Pun\u00eb Sociale.<\/p><p>Pas shqyrtimit t\u00eb k\u00ebrkes\u00ebs, Qendra p\u00ebr Pun\u00eb Sociale nxjerr nj\u00eb vendim q\u00eb p\u00ebrcakton ofruesin e sh\u00ebrbimit.<\/p><p>Pas marrjes s\u00eb vendimit, n\u00ebnshkruhet nj\u00eb marr\u00ebveshje p\u00ebr p\u00ebrdorimin e sh\u00ebrbimit dhe fillon organizimi i asistenc\u00ebs personale n\u00eb p\u00ebrputhje me numrin e miratuar t\u00eb or\u00ebve dhe nevojat individuale.<\/p><p>S\u00eb bashku do t\u00eb dakordohemi p\u00ebr fillimin e sh\u00ebrbimit dhe do t\u00eb hartojm\u00eb nj\u00eb plan p\u00ebr realizimin e mb\u00ebshtetjes.<\/p>\t\t\t\t\t\t\t\t<\/div>\n\t\t\t\t<\/div>\n\t\t\t\t\t<\/details>\n\t\t\t\t\t\t<details id=\"e-n-accordion-item-3491\" class=\"e-n-accordion-item\" >\n\t\t\t\t<summary class=\"e-n-accordion-item-title\" data-accordion-index=\"2\" tabindex=\"-1\" aria-expanded=\"false\" aria-controls=\"e-n-accordion-item-3491\" >\n\t\t\t\t\t<span class='e-n-accordion-item-title-header'><div class=\"e-n-accordion-item-title-text\"> Sa shpejt mund t\u00eb filloj\u00eb asistenca personale? <\/div><\/span>\n\t\t\t\t\t\t\t<span class='e-n-accordion-item-title-icon'>\n\t\t\t<span class='e-opened' ><svg aria-hidden=\"true\" class=\"e-font-icon-svg e-fas-minus\" viewbox=\"0 0 448 512\" xmlns=\"http:\/\/www.w3.org\/2000\/svg\"><path d=\"M416 208H32c-17.67 0-32 14.33-32 32v32c0 17.67 14.33 32 32 32h384c17.67 0 32-14.33 32-32v-32c0-17.67-14.33-32-32-32z\"><\/path><\/svg><\/span>\n\t\t\t<span class='e-closed'><svg aria-hidden=\"true\" class=\"e-font-icon-svg e-fas-plus\" viewbox=\"0 0 448 512\" xmlns=\"http:\/\/www.w3.org\/2000\/svg\"><path d=\"M416 208H272V64c0-17.67-14.33-32-32-32h-32c-17.67 0-32 14.33-32 32v144H32c-17.67 0-32 14.33-32 32v32c0 17.67 14.33 32 32 32h144v144c0 17.67 14.33 32 32 32h32c17.67 0 32-14.33 32-32V304h144c17.67 0 32-14.33 32-32v-32c0-17.67-14.33-32-32-32z\"><\/path><\/svg><\/span>\n\t\t<\/span>\n\n\t\t\t\t\t\t<\/summary>\n\t\t\t\t<div role=\"region\" aria-labelledby=\"e-n-accordion-item-3491\" class=\"elementor-element elementor-element-8f4a0eb e-con-full e-flex e-con e-child\" data-id=\"8f4a0eb\" data-element_type=\"container\" data-e-type=\"container\">\n\t\t\t\t<div class=\"elementor-element elementor-element-07fb1f8 elementor-widget elementor-widget-text-editor\" data-id=\"07fb1f8\" data-element_type=\"widget\" data-e-type=\"widget\" data-widget_type=\"text-editor.default\">\n\t\t\t\t\t\t\t\t\t<p>Kjo varet pjes\u00ebrisht nga situata juaj aktuale n\u00eb lidhje me afatin e njoftimit te ofruesi juaj aktual i asistenc\u00ebs personale. N\u00ebse tashm\u00eb keni nj\u00eb ekip ekzistues t\u00eb asistent\u00ebve q\u00eb d\u00ebshirojn\u00eb t\u00eb transferohen dhe t\u00eb punojn\u00eb me ne, mund t\u00eb fillojm\u00eb pothuajse menj\u00ebher\u00eb.<\/p><p>N\u00ebse \u00ebsht\u00eb e nevojshme t\u00eb rekrutohen asistent\u00eb t\u00eb rinj, zakonisht mund t\u00eb fillojm\u00eb sh\u00ebrbimin brenda 2 jav\u00ebsh.<\/p>\t\t\t\t\t\t\t\t<\/div>\n\t\t\t\t<\/div>\n\t\t\t\t\t<\/details>\n\t\t\t\t\t\t<details id=\"e-n-accordion-item-3492\" class=\"e-n-accordion-item\" >\n\t\t\t\t<summary class=\"e-n-accordion-item-title\" data-accordion-index=\"3\" tabindex=\"-1\" aria-expanded=\"false\" aria-controls=\"e-n-accordion-item-3492\" >\n\t\t\t\t\t<span class='e-n-accordion-item-title-header'><div class=\"e-n-accordion-item-title-text\"> Si ndryshohet ofruesi i Asistenc\u00ebs Personale? <\/div><\/span>\n\t\t\t\t\t\t\t<span class='e-n-accordion-item-title-icon'>\n\t\t\t<span class='e-opened' ><svg aria-hidden=\"true\" class=\"e-font-icon-svg e-fas-minus\" viewbox=\"0 0 448 512\" xmlns=\"http:\/\/www.w3.org\/2000\/svg\"><path d=\"M416 208H32c-17.67 0-32 14.33-32 32v32c0 17.67 14.33 32 32 32h384c17.67 0 32-14.33 32-32v-32c0-17.67-14.33-32-32-32z\"><\/path><\/svg><\/span>\n\t\t\t<span class='e-closed'><svg aria-hidden=\"true\" class=\"e-font-icon-svg e-fas-plus\" viewbox=\"0 0 448 512\" xmlns=\"http:\/\/www.w3.org\/2000\/svg\"><path d=\"M416 208H272V64c0-17.67-14.33-32-32-32h-32c-17.67 0-32 14.33-32 32v144H32c-17.67 0-32 14.33-32 32v32c0 17.67 14.33 32 32 32h144v144c0 17.67 14.33 32 32 32h32c17.67 0 32-14.33 32-32V304h144c17.67 0 32-14.33 32-32v-32c0-17.67-14.33-32-32-32z\"><\/path><\/svg><\/span>\n\t\t<\/span>\n\n\t\t\t\t\t\t<\/summary>\n\t\t\t\t<div role=\"region\" aria-labelledby=\"e-n-accordion-item-3492\" class=\"elementor-element elementor-element-6d19e78 e-con-full e-flex e-con e-child\" data-id=\"6d19e78\" data-element_type=\"container\" data-e-type=\"container\">\n\t\t\t\t<div class=\"elementor-element elementor-element-79f3650 elementor-widget elementor-widget-text-editor\" data-id=\"79f3650\" data-element_type=\"widget\" data-e-type=\"widget\" data-widget_type=\"text-editor.default\">\n\t\t\t\t\t\t\t\t\t<p>N\u00ebse p\u00ebrdoruesi d\u00ebshiron t\u00eb ndryshoj\u00eb ofruesin e sh\u00ebrbimit t\u00eb Asistenc\u00ebs Personale, \u00ebsht\u00eb e nevojshme t\u00eb dor\u00ebzoj\u00eb nj\u00eb deklarat\u00eb t\u00eb notarizuar ku shpreh d\u00ebshir\u00ebn e tij p\u00ebr ndryshimin e ofruesit.<\/p><p>Deklarata dor\u00ebzohet tek Qendra kompetente p\u00ebr Pun\u00eb Sociale, e cila trajton k\u00ebrkes\u00ebn dhe nxjerr nj\u00eb vendim t\u00eb ri q\u00eb p\u00ebrcakton ofruesin e ri t\u00eb sh\u00ebrbimit.<\/p><p>Pas marrjes s\u00eb vendimit t\u00eb ri, ofruesi i ri i licencuar fillon organizimin e sh\u00ebrbimit n\u00eb p\u00ebrputhje me numrin e miratuar t\u00eb or\u00ebve dhe nevojat individuale t\u00eb p\u00ebrdoruesit.<\/p><p>\"'Qendra p\u00ebr Asistenc\u00eb' ofron mb\u00ebshtetje gjat\u00eb gjith\u00eb procesit t\u00eb ndryshimit, duke p\u00ebrfshir\u00eb:\"<\/p><ul><li>Informacione dhe udh\u00ebzime p\u00ebr p\u00ebrgatitjen e deklarat\u00ebs noteriale<\/li><li>Komunikimi dhe koordinimi me Qendr\u00ebn p\u00ebr Pun\u00eb Sociale<\/li><li>Organizimi i nj\u00eb plani fillestar p\u00ebr zbatimin e sh\u00ebrbimit<\/li><li>Zgjedhja dhe angazhimi i asistent\u00ebve personal\u00eb<\/li><li>Trajnimi dhe futja n\u00eb procesin e pun\u00ebs, n\u00ebse \u00ebsht\u00eb e nevojshme<\/li><\/ul><p><br \/>Sh\u00ebrbimi fillon pas nxjerrjes s\u00eb vendimit t\u00eb ri nga autoriteti kompetent.<\/p>\t\t\t\t\t\t\t\t<\/div>\n\t\t\t\t<\/div>\n\t\t\t\t\t<\/details>\n\t\t\t\t\t<\/div>\n\t\t\t\t\t\t<\/div>\n\t\t\t\t<\/div>\n\t\t<div class=\"elementor-element elementor-element-ef86bf3 e-con-full e-flex e-con e-child\" data-id=\"ef86bf3\" data-element_type=\"container\" data-e-type=\"container\">\n\t\t\t\t<div class=\"elementor-element elementor-element-2e9f58d elementor-widget elementor-widget-image\" data-id=\"2e9f58d\" data-element_type=\"widget\" data-e-type=\"widget\" data-widget_type=\"image.default\">\n\t\t\t\t\t\t\t\t\t\t\t\t\t\t\t<img decoding=\"async\" width=\"2560\" height=\"1707\" src=\"https:\/\/lichnaasistencija.mk\/wp-content\/uploads\/2025\/12\/close-up-family-enjoying-food-together-scaled.jpg\" class=\"attachment-full size-full wp-image-1843\" alt=\"\" srcset=\"https:\/\/lichnaasistencija.mk\/wp-content\/uploads\/2025\/12\/close-up-family-enjoying-food-together-scaled.jpg 2560w, https:\/\/lichnaasistencija.mk\/wp-content\/uploads\/2025\/12\/close-up-family-enjoying-food-together-300x200.jpg 300w, https:\/\/lichnaasistencija.mk\/wp-content\/uploads\/2025\/12\/close-up-family-enjoying-food-together-1024x683.jpg 1024w, https:\/\/lichnaasistencija.mk\/wp-content\/uploads\/2025\/12\/close-up-family-enjoying-food-together-768x512.jpg 768w, https:\/\/lichnaasistencija.mk\/wp-content\/uploads\/2025\/12\/close-up-family-enjoying-food-together-1536x1024.jpg 1536w, https:\/\/lichnaasistencija.mk\/wp-content\/uploads\/2025\/12\/close-up-family-enjoying-food-together-2048x1365.jpg 2048w\" sizes=\"(max-width: 2560px) 100vw, 2560px\" \/>\t\t\t\t\t\t\t\t\t\t\t\t\t\t\t<\/div>\n\t\t\t\t<\/div>\n\t\t\t\t\t<\/div>\n\t\t\t\t<\/div>\n\t\t\t\t<\/div>","protected":false},"excerpt":{"rendered":"<p>\u0414\u043e\u043c\u0430 \u041f\u043e\u043c\u043e\u0448 \u0418\u0437\u0431\u0435\u0440\u0435\u0442\u0435 \u043a\u043e\u043c\u043f\u0430\u043d\u0438\u0458\u0430 \u0437\u0430 \u043f\u043e\u043c\u043e\u0448 \u041a\u0430\u043a\u043e \u0434\u0430 \u0438\u0437\u0431\u0435\u0440\u0435\u0442\u0435 \u0438\u043b\u0438 \u043f\u0440\u043e\u043c\u0435\u043d\u0438\u0442\u0435 \u0434\u0430\u0432\u0430\u0442\u0435\u043b\u043e\u0442 \u0437\u0430 \u043b\u0438\u0447\u043d\u0430 \u0410\u0441\u0438\u0441\u0442\u0435\u043d\u0446\u0438\u0458\u0430 \u0414\u0430\u043b\u0438 \u0432\u0435\u045c\u0435 \u043a\u043e\u0440\u0438\u0441\u0442\u0438\u0442\u0435 \u041b\u0438\u0447\u043d\u0430 \u0410\u0441\u0438\u0441\u0442\u0435\u043d\u0446\u0438\u0458\u0430, \u043d\u043e \u0440\u0430\u0437\u043c\u0438\u0441\u043b\u0443\u0432\u0430\u0442\u0435 \u0434\u0430 \u0433\u043e \u043f\u0440\u043e\u043c\u0435\u043d\u0438\u0442\u0435 \u0434\u0430\u0432\u0430\u0442\u0435\u043b\u043e\u0442 \u043d\u0430 \u0443\u0441\u043b\u0443\u0433\u0430\u0442\u0430? \u0418\u043b\u0438 \u043f\u0430\u043a \u0437\u0430 \u043f\u0440\u0432\u043f\u0430\u0442 \u0431\u0430\u0440\u0430\u0442\u0435 \u043e\u0440\u0433\u0430\u043d\u0438\u0437\u0430\u0446\u0438\u0458\u0430 \u0448\u0442\u043e \u045c\u0435 \u0458\u0430 \u043e\u0431\u0435\u0437\u0431\u0435\u0434\u0443\u0432\u0430 \u0432\u0430\u0448\u0430\u0442\u0430 \u0410\u0441\u0438\u0441\u0442\u0435\u043d\u0446\u0438\u0458\u0430? \u0418\u0437\u0431\u043e\u0440\u043e\u0442 \u043d\u0430 \u0434\u0430\u0432\u0430\u0442\u0435\u043b\u043e\u0442 \u0437\u0430 \u041b\u0438\u0447\u043d\u0430 \u0410\u0441\u0438\u0441\u0442\u0435\u043d\u0446\u0438\u0458\u0430 \u0435 \u0432\u0430\u0436\u043d\u0430 \u043e\u0434\u043b\u0443\u043a\u0430 \u0438 \u043c\u043e\u0436\u0435 \u0434\u0430 \u0438\u0437\u0433\u043b\u0435\u0434\u0430 \u0441\u043b\u043e\u0436\u0435\u043d\u043e. \u041d\u0438\u0435 [&hellip;]<\/p>","protected":false},"author":2,"featured_media":0,"parent":0,"menu_order":0,"comment_status":"closed","ping_status":"closed","template":"elementor_header_footer","meta":{"inline_featured_image":false,"footnotes":""},"class_list":["post-2386","page","type-page","status-publish","hentry"],"_hostinger_reach_plugin_has_subscription_block":false,"_hostinger_reach_plugin_is_elementor":false,"_links":{"self":[{"href":"https:\/\/lichnaasistencija.mk\/sq\/wp-json\/wp\/v2\/pages\/2386","targetHints":{"allow":["GET"]}}],"collection":[{"href":"https:\/\/lichnaasistencija.mk\/sq\/wp-json\/wp\/v2\/pages"}],"about":[{"href":"https:\/\/lichnaasistencija.mk\/sq\/wp-json\/wp\/v2\/types\/page"}],"author":[{"embeddable":true,"href":"https:\/\/lichnaasistencija.mk\/sq\/wp-json\/wp\/v2\/users\/2"}],"replies":[{"embeddable":true,"href":"https:\/\/lichnaasistencija.mk\/sq\/wp-json\/wp\/v2\/comments?post=2386"}],"version-history":[{"count":154,"href":"https:\/\/lichnaasistencija.mk\/sq\/wp-json\/wp\/v2\/pages\/2386\/revisions"}],"predecessor-version":[{"id":4962,"href":"https:\/\/lichnaasistencija.mk\/sq\/wp-json\/wp\/v2\/pages\/2386\/revisions\/4962"}],"wp:attachment":[{"href":"https:\/\/lichnaasistencija.mk\/sq\/wp-json\/wp\/v2\/media?parent=2386"}],"curies":[{"name":"wp","href":"https:\/\/api.w.org\/{rel}","templated":true}]}}